{"id":176,"date":"2013-08-26T06:58:51","date_gmt":"2013-08-26T06:58:51","guid":{"rendered":"http:\/\/www.thevocalathlete.com\/wordpress\/?page_id=176"},"modified":"2013-10-29T14:02:49","modified_gmt":"2013-10-29T14:02:49","slug":"education","status":"publish","type":"page","link":"http:\/\/www.linpico.com\/fr\/domaines-d-expertise\/education\/","title":{"rendered":"EDUCATION"},"content":{"rendered":"<p><a href=\"http:\/\/www.linpico.com\/fr\/wp-content\/uploads\/PURPLE.png\"><img decoding=\"async\" loading=\"lazy\" class=\"alignnone size-full wp-image-376\" alt=\"PURPLE\" src=\"http:\/\/www.linpico.com\/fr\/wp-content\/uploads\/PURPLE.png\" width=\"600\" height=\"20\" srcset=\"http:\/\/www.linpico.com\/fr\/wp-content\/uploads\/PURPLE.png 600w, http:\/\/www.linpico.com\/fr\/wp-content\/uploads\/PURPLE-300x10.png 300w\" sizes=\"(max-width: 600px) 100vw, 600px\" \/><\/a><\/p>\n<p>Education Primaire, Secondaire et Sup\u00e9rieure (qualit\u00e9, administration et gestion des syst\u00e8mes d\u2019information, infrastructure scolaire, syst\u00e8mes de gestion de l\u2019\u00e9ducation, d\u00e9veloppement de curriculums et du mat\u00e9riel didactique) &#8211; Aptitude \u00e0 la Vie Quotidienne &#8211; R\u00e9forme du Secteur de l\u2019Education (politiques, financement, planification, appui aux minist\u00e8res de l\u2019\u00e9ducation, d\u00e9veloppement des strat\u00e9gies d\u2019approches sectorielles) &#8211; Formation Professionnelle &#8211; Technologies de l\u2019Information et de la Communication (TIC) dans l\u2019Enseignement<\/p>\n<p><b>Cliquer ici pour voir <\/b><a title=\"EDUCATION: Tous les projets\" href=\"http:\/\/www.linpico.com\/fr\/domaines-d-expertise\/education\/tous-les-projets\/\"><b>tous les projets<\/b><\/a> <b>dans ce secteur.<\/b><\/p>\n","protected":false},"excerpt":{"rendered":"<p>Education Primaire, Secondaire et Sup\u00e9rieure (qualit\u00e9, administration et gestion des syst\u00e8mes d\u2019information, infrastructure scolaire, syst\u00e8mes de gestion de l\u2019\u00e9ducation, d\u00e9veloppement de curriculums et du mat\u00e9riel didactique) &#8211; Aptitude \u00e0 la Vie Quotidienne &#8211; R\u00e9forme du Secteur de l\u2019Education (politiques, financement,&hellip; <\/p>\n","protected":false},"author":1,"featured_media":366,"parent":82,"menu_order":3,"comment_status":"closed","ping_status":"closed","template":"","meta":{"jetpack_post_was_ever_published":false,"_links_to":"","_links_to_target":""},"_links":{"self":[{"href":"http:\/\/www.linpico.com\/fr\/wp-json\/wp\/v2\/pages\/176"}],"collection":[{"href":"http:\/\/www.linpico.com\/fr\/wp-json\/wp\/v2\/pages"}],"about":[{"href":"http:\/\/www.linpico.com\/fr\/wp-json\/wp\/v2\/types\/page"}],"author":[{"embeddable":true,"href":"http:\/\/www.linpico.com\/fr\/wp-json\/wp\/v2\/users\/1"}],"replies":[{"embeddable":true,"href":"http:\/\/www.linpico.com\/fr\/wp-json\/wp\/v2\/comments?post=176"}],"version-history":[{"count":2,"href":"http:\/\/www.linpico.com\/fr\/wp-json\/wp\/v2\/pages\/176\/revisions"}],"predecessor-version":[{"id":830,"href":"http:\/\/www.linpico.com\/fr\/wp-json\/wp\/v2\/pages\/176\/revisions\/830"}],"up":[{"embeddable":true,"href":"http:\/\/www.linpico.com\/fr\/wp-json\/wp\/v2\/pages\/82"}],"wp:featuredmedia":[{"embeddable":true,"href":"http:\/\/www.linpico.com\/fr\/wp-json\/wp\/v2\/media\/366"}],"wp:attachment":[{"href":"http:\/\/www.linpico.com\/fr\/wp-json\/wp\/v2\/media?parent=176"}],"curies":[{"name":"wp","href":"https:\/\/api.w.org\/{rel}","templated":true}]}}