{"id":86,"date":"2013-08-21T07:18:39","date_gmt":"2013-08-21T07:18:39","guid":{"rendered":"http:\/\/www.thevocalathlete.com\/wordpress\/?page_id=86"},"modified":"2013-09-25T13:44:28","modified_gmt":"2013-09-25T13:44:28","slug":"joindre-votre-cv","status":"publish","type":"page","link":"http:\/\/www.linpico.com\/fr\/offres-d-emploi\/joindre-votre-cv\/","title":{"rendered":"Joindre Votre CV"},"content":{"rendered":"<p>Veuillez compl\u00e9ter le formulaire ci-dessous afin d\u2019\u00eatre ajout\u00e9 \u00e0 notre base de donn\u00e9es d\u2019experts mondiaux.<\/p>\n<div id=\"vfb-form-1\" class=\"visual-form-builder-container\"><form id=\"cv-1\" class=\"visual-form-builder vfb-form-1  \" method=\"post\" enctype=\"multipart\/form-data\" action=\"\">\n\t\t<input type=\"hidden\" name=\"form_id\" value=\"1\" \/><fieldset class=\"vfb-fieldset vfb-fieldset-1 1    \" id=\"item-vfb-1\">&nbsp;<ul class=\"vfb-section vfb-section-1\"><li class=\"vfb-item vfb-item-select    \" id=\"item-vfb-7\"><label for=\"vfb-7\" class=\"vfb-desc\">Titre  <span class=\"vfb-required-asterisk\">*<\/span><\/label><select name=\"vfb-7\" id=\"vfb-7\" class=\"vfb-select  vfb-medium  required \"><option value=\"----\" selected='selected'>----<\/option><option value=\"M.\">M.<\/option><option value=\"Mme\">Mme<\/option><option value=\"Mlle\">Mlle<\/option><option value=\"Dr\">Dr<\/option><option value=\"Prof\">Prof<\/option><\/select><\/li>\n<li class=\"vfb-item vfb-item-text   vfb-left-half  \" id=\"item-vfb-5\"><label for=\"vfb-5\" class=\"vfb-desc\">Pr\u00e9nom  <span class=\"vfb-required-asterisk\">*<\/span><\/label><input type=\"text\" name=\"vfb-5\" id=\"vfb-5\" value=\"\" class=\"vfb-text  vfb-medium  required  \" \/><\/li>\n<li class=\"vfb-item vfb-item-text   vfb-right-half  \" id=\"item-vfb-6\"><label for=\"vfb-6\" class=\"vfb-desc\">Nom de Famille  <span class=\"vfb-required-asterisk\">*<\/span><\/label><input type=\"text\" name=\"vfb-6\" id=\"vfb-6\" value=\"\" class=\"vfb-text  vfb-medium  required  \" \/><\/li>\n<li class=\"vfb-item vfb-item-text   vfb-left-half  \" id=\"item-vfb-8\"><label for=\"vfb-8\" class=\"vfb-desc\">Email  <span class=\"vfb-required-asterisk\">*<\/span><\/label><input type=\"text\" name=\"vfb-8\" id=\"vfb-8\" value=\"\" class=\"vfb-text  vfb-medium  required  email \" \/><\/li>\n<li class=\"vfb-item vfb-item-text   vfb-right-half  \" id=\"item-vfb-28\"><label for=\"vfb-28\" class=\"vfb-desc\">T\u00e9l\u00e9phone <\/label><span class=\"vfb-span\"><input type=\"text\" name=\"vfb-28\" id=\"vfb-28\" value=\"\" class=\"vfb-text  vfb-medium   \" \/><label>avec indicatif t\u00e9l\u00e9phonique international<\/label><\/span><\/li>\n<li class=\"vfb-item vfb-item-checkbox    \" id=\"item-vfb-26\"><label class=\"vfb-desc\">Secteur d\u2019expertise  <span class=\"vfb-required-asterisk\">*<\/span><\/label><div><span class=\"vfb-span\"><input type=\"checkbox\" name=\"vfb-26[]\" id=\"vfb-26-0\" value=\"GESTION DES FINANCES PUBLIQUES &amp; MACROECONOMIE\" class=\"vfb-checkbox  required \" \/><label for=\"vfb-26-0\" class=\"vfb-choice\">GESTION DES FINANCES PUBLIQUES & MACROECONOMIE<\/label><\/span><span class=\"vfb-span\"><input type=\"checkbox\" name=\"vfb-26[]\" id=\"vfb-26-1\" value=\"GOUVERNANCE\" class=\"vfb-checkbox  required \" \/><label for=\"vfb-26-1\" class=\"vfb-choice\">GOUVERNANCE<\/label><\/span><span class=\"vfb-span\"><input type=\"checkbox\" name=\"vfb-26[]\" id=\"vfb-26-2\" value=\"EDUCATION\" class=\"vfb-checkbox  required \" \/><label for=\"vfb-26-2\" class=\"vfb-choice\">EDUCATION<\/label><\/span><span class=\"vfb-span\"><input type=\"checkbox\" name=\"vfb-26[]\" id=\"vfb-26-3\" value=\"DEVELOPPEMENT DU COMMERCE &amp; DU SECTEUR PRIVE\" class=\"vfb-checkbox  required \" \/><label for=\"vfb-26-3\" class=\"vfb-choice\">DEVELOPPEMENT DU COMMERCE & DU SECTEUR PRIVE<\/label><\/span><span class=\"vfb-span\"><input type=\"checkbox\" name=\"vfb-26[]\" id=\"vfb-26-4\" value=\"AUTRES (Veuillez pr\u00e9ciser dans \u2018Information Suppl\u00e9mentaire\u2019)\" class=\"vfb-checkbox  required \" \/><label for=\"vfb-26-4\" class=\"vfb-choice\">AUTRES (Veuillez pr\u00e9ciser dans \u2018Information Suppl\u00e9mentaire\u2019)<\/label><\/span><div style=\"clear:both\"><\/div><\/div><\/li>\n<li class=\"vfb-item vfb-item-date   vfb-left-half  \" id=\"item-vfb-11\"><label for=\"vfb-11\" class=\"vfb-desc\">Prochaine disponibilit\u00e9  <span class=\"vfb-required-asterisk\">*<\/span><\/label><input type=\"text\" name=\"vfb-11\" id=\"vfb-11\" value=\"\" class=\"vfb-text vfb-date-picker  vfb-medium  required \" data-dp-dateFormat=\"mm\/dd\/yy\" \/><\/li>\n<li class=\"vfb-item vfb-item-text   vfb-right-half  \" id=\"item-vfb-12\"><label for=\"vfb-12\" class=\"vfb-desc\">Lieu de r\u00e9sidence actuel  <span class=\"vfb-required-asterisk\">*<\/span><\/label><input type=\"text\" name=\"vfb-12\" id=\"vfb-12\" value=\"\" class=\"vfb-text  vfb-medium  required  \" \/><\/li>\n<li class=\"vfb-item vfb-item-textarea    \" id=\"item-vfb-13\"><label for=\"vfb-13\" class=\"vfb-desc\">Information suppl\u00e9mentaire <\/label><div><textarea name=\"vfb-13\" id=\"vfb-13\" class=\"vfb-textarea  vfb-medium   \"><\/textarea><\/div><\/li>\n<li class=\"vfb-item vfb-item-file-upload    \" id=\"item-vfb-14\"><label for=\"vfb-14\" class=\"vfb-desc\">T\u00e9l\u00e9charger CV  <span class=\"vfb-required-asterisk\">*<\/span><\/label><input type=\"file\" name=\"vfb-14\" id=\"vfb-14\" value=\"\" class=\"vfb-text  vfb-medium  required   \" \/><\/li>\n<\/ul>&nbsp;<\/fieldset><fieldset class=\"vfb-fieldset vfb-fieldset-2 verification  \" id=\"item-vfb-2\"><div class=\"vfb-legend\"><h3>V\u00e9rification<\/h3><\/div><ul class=\"vfb-section vfb-section-2\"><li class=\"vfb-item vfb-item-secret\" ><label for=\"item-vfb-3\" class=\"vfb-desc\">S'il vous pla\u00eet entrer les deux chiffres <span class=\"vfb-required-asterisk\">*<\/span><\/label><input type=\"hidden\" name=\"_vfb-secret\" value=\"vfb-3\" \/><span class=\"vfb-span\"><input type=\"text\" name=\"vfb-3\" id=\"item-vfb-3\" value=\"\" class=\"vfb-text  vfb-medium  required {digits:true,maxlength:2,minlength:2} \" \/><label>Exemple: 81<\/label><\/span><li style=\"display:none;\"><label>Cette bo\u00eete est pour la protection contre le spam - <strong>Veuillez laisser en blanc<\/strong><\/label><div><input name=\"vfb-spam\" \/><\/div><\/li><li class=\"vfb-item vfb-item-submit\" id=\"item-vfb-4\">\n\t\t\t\t\t<input type=\"submit\" name=\"vfb-submit\" id=\"vfb-4\" value=\"Soumettre\" class=\"vfb-submit \" \/>\n\t\t\t\t\t<\/li><\/ul>\n\t\t &nbsp;\n\t\t <\/fieldset><input type=\"hidden\" name=\"_wp_http_referer\" value=\"\/fr\/wp-json\/wp\/v2\/pages\/86\" \/><\/form><\/div> <!-- .visual-form-builder-container -->\n","protected":false},"excerpt":{"rendered":"<p>Veuillez compl\u00e9ter le formulaire ci-dessous afin d\u2019\u00eatre ajout\u00e9 \u00e0 notre base de donn\u00e9es d\u2019experts mondiaux.<\/p>\n","protected":false},"author":1,"featured_media":0,"parent":310,"menu_order":0,"comment_status":"closed","ping_status":"closed","template":"page-template-contact.php","meta":{"jetpack_post_was_ever_published":false,"_links_to":"","_links_to_target":""},"_links":{"self":[{"href":"http:\/\/www.linpico.com\/fr\/wp-json\/wp\/v2\/pages\/86"}],"collection":[{"href":"http:\/\/www.linpico.com\/fr\/wp-json\/wp\/v2\/pages"}],"about":[{"href":"http:\/\/www.linpico.com\/fr\/wp-json\/wp\/v2\/types\/page"}],"author":[{"embeddable":true,"href":"http:\/\/www.linpico.com\/fr\/wp-json\/wp\/v2\/users\/1"}],"replies":[{"embeddable":true,"href":"http:\/\/www.linpico.com\/fr\/wp-json\/wp\/v2\/comments?post=86"}],"version-history":[{"count":0,"href":"http:\/\/www.linpico.com\/fr\/wp-json\/wp\/v2\/pages\/86\/revisions"}],"up":[{"embeddable":true,"href":"http:\/\/www.linpico.com\/fr\/wp-json\/wp\/v2\/pages\/310"}],"wp:attachment":[{"href":"http:\/\/www.linpico.com\/fr\/wp-json\/wp\/v2\/media?parent=86"}],"curies":[{"name":"wp","href":"https:\/\/api.w.org\/{rel}","templated":true}]}}