{"id":174,"date":"2013-08-26T06:58:21","date_gmt":"2013-08-26T06:58:21","guid":{"rendered":"http:\/\/www.thevocalathlete.com\/wordpress\/?page_id=174"},"modified":"2013-10-29T14:03:41","modified_gmt":"2013-10-29T14:03:41","slug":"developpement-du-commerce-du-secteur-prive","status":"publish","type":"page","link":"https:\/\/www.linpico.com\/fr\/domaines-d-expertise\/developpement-du-commerce-du-secteur-prive\/","title":{"rendered":"DEVELOPPEMENT DU COMMERCE &#038; DU SECTEUR PRIVE"},"content":{"rendered":"<p><a href=\"http:\/\/www.linpico.com\/fr\/wp-content\/uploads\/RED.png\"><img decoding=\"async\" loading=\"lazy\" class=\"alignnone size-full wp-image-373\" alt=\"RED\" src=\"http:\/\/www.linpico.com\/fr\/wp-content\/uploads\/RED.png\" width=\"600\" height=\"20\" srcset=\"https:\/\/www.linpico.com\/fr\/wp-content\/uploads\/RED.png 600w, https:\/\/www.linpico.com\/fr\/wp-content\/uploads\/RED-300x10.png 300w\" sizes=\"(max-width: 600px) 100vw, 600px\" \/><\/a><\/p>\n<p>Politique Commerciale &#8211; Accords de Partenariat Economique &#8211; Int\u00e9gration Economique R\u00e9gionale &#8211; Facilitation de la Comp\u00e9titivit\u00e9 et des Echanges (standards et normes dans les domaines sanitaire et phytosanitaire, assurer que les entraves techniques aux \u00e9changes ne cr\u00e9ent pas d\u2019obstacles au commerce international, analyse de march\u00e9, r\u00e9formes des r\u00e9glementations) &#8211; Environnement &#8211; Appui aux Associations Professionnelles<\/p>\n<p><b>Cliquer ici pour voir <\/b><a title=\"DEVELOPPEMENT DU COMMERCE &amp; DU SECTEUR PRIVE : Tous les projets\" href=\"http:\/\/www.linpico.com\/fr\/domaines-d-expertise\/developpement-du-commerce-du-secteur-prive\/tous-les-projets\/\"><b>tous les projets<\/b><\/a> <b>dans ce secteur.<\/b><\/p>\n","protected":false},"excerpt":{"rendered":"<p>Politique Commerciale &#8211; Accords de Partenariat Economique &#8211; Int\u00e9gration Economique R\u00e9gionale &#8211; Facilitation de la Comp\u00e9titivit\u00e9 et des Echanges (standards et normes dans les domaines sanitaire et phytosanitaire, assurer que les entraves techniques aux \u00e9changes ne cr\u00e9ent pas d\u2019obstacles au&hellip; <\/p>\n","protected":false},"author":1,"featured_media":368,"parent":82,"menu_order":4,"comment_status":"closed","ping_status":"closed","template":"","meta":{"jetpack_post_was_ever_published":false,"_links_to":"","_links_to_target":""},"_links":{"self":[{"href":"https:\/\/www.linpico.com\/fr\/wp-json\/wp\/v2\/pages\/174"}],"collection":[{"href":"https:\/\/www.linpico.com\/fr\/wp-json\/wp\/v2\/pages"}],"about":[{"href":"https:\/\/www.linpico.com\/fr\/wp-json\/wp\/v2\/types\/page"}],"author":[{"embeddable":true,"href":"https:\/\/www.linpico.com\/fr\/wp-json\/wp\/v2\/users\/1"}],"replies":[{"embeddable":true,"href":"https:\/\/www.linpico.com\/fr\/wp-json\/wp\/v2\/comments?post=174"}],"version-history":[{"count":2,"href":"https:\/\/www.linpico.com\/fr\/wp-json\/wp\/v2\/pages\/174\/revisions"}],"predecessor-version":[{"id":831,"href":"https:\/\/www.linpico.com\/fr\/wp-json\/wp\/v2\/pages\/174\/revisions\/831"}],"up":[{"embeddable":true,"href":"https:\/\/www.linpico.com\/fr\/wp-json\/wp\/v2\/pages\/82"}],"wp:featuredmedia":[{"embeddable":true,"href":"https:\/\/www.linpico.com\/fr\/wp-json\/wp\/v2\/media\/368"}],"wp:attachment":[{"href":"https:\/\/www.linpico.com\/fr\/wp-json\/wp\/v2\/media?parent=174"}],"curies":[{"name":"wp","href":"https:\/\/api.w.org\/{rel}","templated":true}]}}