{"id":178,"date":"2013-08-26T06:59:08","date_gmt":"2013-08-26T06:59:08","guid":{"rendered":"http:\/\/www.thevocalathlete.com\/wordpress\/?page_id=178"},"modified":"2013-10-29T13:58:59","modified_gmt":"2013-10-29T13:58:59","slug":"gouvernance","status":"publish","type":"page","link":"https:\/\/www.linpico.com\/fr\/domaines-d-expertise\/gouvernance\/","title":{"rendered":"GOUVERNANCE &#038; GESTION DE L&rsquo;AIDE"},"content":{"rendered":"<p><a href=\"http:\/\/www.linpico.com\/fr\/wp-content\/uploads\/BLUE.png\"><img decoding=\"async\" loading=\"lazy\" class=\"alignnone size-full wp-image-374\" alt=\"BLUE\" src=\"http:\/\/www.linpico.com\/fr\/wp-content\/uploads\/BLUE.png\" width=\"600\" height=\"20\" srcset=\"https:\/\/www.linpico.com\/fr\/wp-content\/uploads\/BLUE.png 600w, https:\/\/www.linpico.com\/fr\/wp-content\/uploads\/BLUE-300x10.png 300w\" sizes=\"(max-width: 600px) 100vw, 600px\" \/><\/a><\/p>\n<p>Gestion de l\u2019Aide &#8211; R\u00e9forme de l\u2019Administration Publique, comprenant la formulation de politiques sectorielles et la gestion des finances publiques &#8211; Appui \u00e0 la D\u00e9mocratisation &#8211; D\u00e9centralisation\/d\u00e9concentration et appui aux autorit\u00e9s locales &#8211; D\u00e9veloppement Communautaire &#8211; Renforcement de la Soci\u00e9t\u00e9 Civile<\/p>\n<p><b>Cliquer ici pour voir <\/b><a title=\"GOUVERNANCE &amp; GESTION DE L\u2019AIDE: Tous les projets\" href=\"http:\/\/www.linpico.com\/fr\/domaines-d-expertise\/gouvernance\/tous-les-projets\/\"><b>tous les projets<\/b><\/a> <b>dans ce secteur.<\/b><\/p>\n","protected":false},"excerpt":{"rendered":"<p>Gestion de l\u2019Aide &#8211; R\u00e9forme de l\u2019Administration Publique, comprenant la formulation de politiques sectorielles et la gestion des finances publiques &#8211; Appui \u00e0 la D\u00e9mocratisation &#8211; D\u00e9centralisation\/d\u00e9concentration et appui aux autorit\u00e9s locales &#8211; D\u00e9veloppement Communautaire &#8211; Renforcement de la Soci\u00e9t\u00e9&hellip; <\/p>\n","protected":false},"author":1,"featured_media":367,"parent":82,"menu_order":2,"comment_status":"closed","ping_status":"closed","template":"","meta":{"jetpack_post_was_ever_published":false,"_links_to":"","_links_to_target":""},"_links":{"self":[{"href":"https:\/\/www.linpico.com\/fr\/wp-json\/wp\/v2\/pages\/178"}],"collection":[{"href":"https:\/\/www.linpico.com\/fr\/wp-json\/wp\/v2\/pages"}],"about":[{"href":"https:\/\/www.linpico.com\/fr\/wp-json\/wp\/v2\/types\/page"}],"author":[{"embeddable":true,"href":"https:\/\/www.linpico.com\/fr\/wp-json\/wp\/v2\/users\/1"}],"replies":[{"embeddable":true,"href":"https:\/\/www.linpico.com\/fr\/wp-json\/wp\/v2\/comments?post=178"}],"version-history":[{"count":3,"href":"https:\/\/www.linpico.com\/fr\/wp-json\/wp\/v2\/pages\/178\/revisions"}],"predecessor-version":[{"id":829,"href":"https:\/\/www.linpico.com\/fr\/wp-json\/wp\/v2\/pages\/178\/revisions\/829"}],"up":[{"embeddable":true,"href":"https:\/\/www.linpico.com\/fr\/wp-json\/wp\/v2\/pages\/82"}],"wp:featuredmedia":[{"embeddable":true,"href":"https:\/\/www.linpico.com\/fr\/wp-json\/wp\/v2\/media\/367"}],"wp:attachment":[{"href":"https:\/\/www.linpico.com\/fr\/wp-json\/wp\/v2\/media?parent=178"}],"curies":[{"name":"wp","href":"https:\/\/api.w.org\/{rel}","templated":true}]}}