{"id":180,"date":"2013-08-26T06:59:24","date_gmt":"2013-08-26T06:59:24","guid":{"rendered":"http:\/\/www.thevocalathlete.com\/wordpress\/?page_id=180"},"modified":"2013-10-29T13:57:39","modified_gmt":"2013-10-29T13:57:39","slug":"gestion-des-finances-publiques","status":"publish","type":"page","link":"https:\/\/www.linpico.com\/fr\/domaines-d-expertise\/gestion-des-finances-publiques\/","title":{"rendered":"GESTION DES FINANCES PUBLIQUES"},"content":{"rendered":"<p><a href=\"http:\/\/www.linpico.com\/fr\/wp-content\/uploads\/ORANGE.png\"><img decoding=\"async\" loading=\"lazy\" class=\"alignnone size-full wp-image-370\" alt=\"ORANGE\" src=\"http:\/\/www.linpico.com\/fr\/wp-content\/uploads\/ORANGE.png\" width=\"600\" height=\"20\" srcset=\"https:\/\/www.linpico.com\/fr\/wp-content\/uploads\/ORANGE.png 600w, https:\/\/www.linpico.com\/fr\/wp-content\/uploads\/ORANGE-300x10.png 300w\" sizes=\"(max-width: 600px) 100vw, 600px\" \/><\/a><\/p>\n<p>Analyse et gestion macro\u00e9conomique &#8211; Surveillance Economique &#8211; Gestion de la Dette &#8211; Conseil en Gestion des Finances Publiques, Evaluations selon la m\u00e9thodologie PEFA (D\u00e9penses Publique et Responsabilit\u00e9 Financi\u00e8re) &#8211; R\u00e9formes de la Gestion des Finances Publiques &#8211; Pr\u00e9visions Budg\u00e9taires &#8211; Audit &#8211; Recettes Fiscales &#8211; Passation des March\u00e9s Publics &#8211; Comptabilit\u00e9 Nationale \u2013 Syst\u00e8mes d\u2019Information et Bases de Donn\u00e9es<\/p>\n<p><b>Cliquer ici pour voir <\/b><a title=\"GESTION DES FINANCES PUBLIQUES: Tous les projets\" href=\"http:\/\/www.linpico.com\/fr\/domaines-d-expertise\/gestion-des-finances-publiques\/tous-les-projets\/\"><b>tous les projets<\/b><\/a> <b>dans ce secteur.<\/b><\/p>\n","protected":false},"excerpt":{"rendered":"<p>Analyse et gestion macro\u00e9conomique &#8211; Surveillance Economique &#8211; Gestion de la Dette &#8211; Conseil en Gestion des Finances Publiques, Evaluations selon la m\u00e9thodologie PEFA (D\u00e9penses Publique et Responsabilit\u00e9 Financi\u00e8re) &#8211; R\u00e9formes de la Gestion des Finances Publiques &#8211; Pr\u00e9visions Budg\u00e9taires&hellip; <\/p>\n","protected":false},"author":1,"featured_media":365,"parent":82,"menu_order":1,"comment_status":"closed","ping_status":"closed","template":"","meta":{"jetpack_post_was_ever_published":false,"_links_to":"","_links_to_target":""},"_links":{"self":[{"href":"https:\/\/www.linpico.com\/fr\/wp-json\/wp\/v2\/pages\/180"}],"collection":[{"href":"https:\/\/www.linpico.com\/fr\/wp-json\/wp\/v2\/pages"}],"about":[{"href":"https:\/\/www.linpico.com\/fr\/wp-json\/wp\/v2\/types\/page"}],"author":[{"embeddable":true,"href":"https:\/\/www.linpico.com\/fr\/wp-json\/wp\/v2\/users\/1"}],"replies":[{"embeddable":true,"href":"https:\/\/www.linpico.com\/fr\/wp-json\/wp\/v2\/comments?post=180"}],"version-history":[{"count":3,"href":"https:\/\/www.linpico.com\/fr\/wp-json\/wp\/v2\/pages\/180\/revisions"}],"predecessor-version":[{"id":828,"href":"https:\/\/www.linpico.com\/fr\/wp-json\/wp\/v2\/pages\/180\/revisions\/828"}],"up":[{"embeddable":true,"href":"https:\/\/www.linpico.com\/fr\/wp-json\/wp\/v2\/pages\/82"}],"wp:featuredmedia":[{"embeddable":true,"href":"https:\/\/www.linpico.com\/fr\/wp-json\/wp\/v2\/media\/365"}],"wp:attachment":[{"href":"https:\/\/www.linpico.com\/fr\/wp-json\/wp\/v2\/media?parent=180"}],"curies":[{"name":"wp","href":"https:\/\/api.w.org\/{rel}","templated":true}]}}