{"id":82,"date":"2013-08-21T07:18:09","date_gmt":"2013-08-21T07:18:09","guid":{"rendered":"http:\/\/www.thevocalathlete.com\/wordpress\/?page_id=82"},"modified":"2015-04-02T12:52:02","modified_gmt":"2015-04-02T12:52:02","slug":"domaines-d-expertise","status":"publish","type":"page","link":"https:\/\/www.linpico.com\/fr\/domaines-d-expertise\/","title":{"rendered":"Domaines d&rsquo;Expertise"},"content":{"rendered":"<p>Linpico met en \u0153uvre des projets \u00e0\u00a0long-terme et \u00e0 court-terme d&rsquo;une dur\u00e9e allant de quelques mois \u00e0 plusieurs ann\u00e9es. Nous sommes sp\u00e9cialis\u00e9s principalement dans\u00a0cinq domaines:<\/p>\n<p><a title=\"GESTION DES FINANCES PUBLIQUES\" href=\"http:\/\/www.linpico.com\/fr\/domaines\/gestion-des-finances-publiques\/\">GESTION DES FINANCES PUBLIQUES<\/a> | <a title=\"EDUCATION\" href=\"http:\/\/www.linpico.com\/fr\/domaines\/education\/\">EDUCATION<\/a> | <a title=\"GOUVERNANCE &amp; GESTION DE L\u2019AIDE\" href=\"http:\/\/www.linpico.com\/fr\/domaines\/gouvernance\/\">GOUVERNANCE &amp; GESTION DE L&rsquo;AIDE<\/a> | <a title=\"DEVELOPPEMENT DU COMMERCE &amp; DU SECTEUR PRIVE\" href=\"http:\/\/www.linpico.com\/fr\/domaines\/developpement-du-commerce-du-secteur-prive\/\">DEVELOPPEMENT DU COMMERCE &amp; DU SECTEUR PRIVE<\/a> | <a title=\"TECHNOLOGIES DE L\u2019INFORMATION\" href=\"http:\/\/www.linpico.com\/fr\/domaines\/technologies-de-linformation\/\">TECHNOLOGIES DE L\u2019INFORMATION<\/a><\/p>\n<p align=\"justify\"><strong> LINPICO s\u2019est sp\u00e9cialis\u00e9 dans diff\u00e9rents th\u00e8mes transversaux:<\/strong><\/p>\n<p>Politiques et r\u00e9formes sectorielles &#8211; Gestion des Finances Publiques dans les Minist\u00e8res Techniques &#8211; Programmes de gestion de fonds et subventions &#8211; R\u00e9forme L\u00e9gislative &#8211; Renforcement Institutionnel, comprenant les audits organisationnels &#8211; Analyse Economique et Financi\u00e8re &#8211; Formation et Recherche &#8211; Technologies de l\u2019Information et de la Communication &#8211; Conception et Organisation de S\u00e9minaires et de Conf\u00e9rences<\/p>\n<p>&nbsp;<\/p>\n","protected":false},"excerpt":{"rendered":"<p>Linpico met en \u0153uvre des projets \u00e0\u00a0long-terme et \u00e0 court-terme d&rsquo;une dur\u00e9e allant de quelques mois \u00e0 plusieurs ann\u00e9es. Nous sommes sp\u00e9cialis\u00e9s principalement dans\u00a0cinq domaines: GESTION DES FINANCES PUBLIQUES | EDUCATION | GOUVERNANCE &amp; GESTION DE L&rsquo;AIDE | DEVELOPPEMENT DU&hellip; <\/p>\n","protected":false},"author":1,"featured_media":0,"parent":0,"menu_order":0,"comment_status":"closed","ping_status":"closed","template":"","meta":{"jetpack_post_was_ever_published":false,"_links_to":"","_links_to_target":""},"_links":{"self":[{"href":"https:\/\/www.linpico.com\/fr\/wp-json\/wp\/v2\/pages\/82"}],"collection":[{"href":"https:\/\/www.linpico.com\/fr\/wp-json\/wp\/v2\/pages"}],"about":[{"href":"https:\/\/www.linpico.com\/fr\/wp-json\/wp\/v2\/types\/page"}],"author":[{"embeddable":true,"href":"https:\/\/www.linpico.com\/fr\/wp-json\/wp\/v2\/users\/1"}],"replies":[{"embeddable":true,"href":"https:\/\/www.linpico.com\/fr\/wp-json\/wp\/v2\/comments?post=82"}],"version-history":[{"count":8,"href":"https:\/\/www.linpico.com\/fr\/wp-json\/wp\/v2\/pages\/82\/revisions"}],"predecessor-version":[{"id":817,"href":"https:\/\/www.linpico.com\/fr\/wp-json\/wp\/v2\/pages\/82\/revisions\/817"}],"wp:attachment":[{"href":"https:\/\/www.linpico.com\/fr\/wp-json\/wp\/v2\/media?parent=82"}],"curies":[{"name":"wp","href":"https:\/\/api.w.org\/{rel}","templated":true}]}}